{"id":4031,"date":"2025-11-03T14:25:33","date_gmt":"2025-11-03T14:25:33","guid":{"rendered":"https:\/\/serenesleep.ee\/terms-and-conditions\/"},"modified":"2025-11-24T23:19:52","modified_gmt":"2025-11-24T23:19:52","slug":"terms-of-sale","status":"publish","type":"page","link":"https:\/\/serenesleep.ee\/en\/terms-of-sale\/","title":{"rendered":"Terms of sale"},"content":{"rendered":"\t\t<div data-elementor-type=\"wp-page\" data-elementor-id=\"4031\" class=\"elementor elementor-4031 elementor-3766\">\n\t\t\t\t<div class=\"elementor-element elementor-element-38fe2c7 e-flex e-con-boxed lakit-col-width-auto-no e-container e-root-container elementor-top-section e-con e-parent\" data-id=\"38fe2c7\" data-element_type=\"container\" data-e-type=\"container\">\n\t\t\t\t\t<div class=\"e-con-inner\">\n\t\t\t\t<div class=\"elementor-element elementor-element-6dfafa3 lakit-breadcrumbs-page-title-yes lakit-breadcrumbs-align-center elementor-widget lastudio-kit elementor-lakit-breadcrumbs\" data-id=\"6dfafa3\" data-element_type=\"widget\" data-e-type=\"widget\" data-widget_type=\"lakit-breadcrumbs.default\">\n\t\t\t\t\t\n\t\t<div class=\"lakit-breadcrumbs\">\n\t\t<div class=\"lakit-breadcrumbs__content\">\n\t\t<div class=\"lakit-breadcrumbs__wrap\"><div class=\"lakit-breadcrumbs__item\"><a href=\"https:\/\/serenesleep.ee\/en\/\" class=\"lakit-breadcrumbs__item-link is-home\" rel=\"home\" title=\"Home\">Home<\/a><\/div>\n\t\t<\/div>\n\t\t<\/div>\n\t\t<\/div>\t\t\t\t<\/div>\n\t\t\t\t\t<\/div>\n\t\t\t\t<\/div>\n\t\t<div class=\"elementor-element elementor-element-7989ef1 e-flex e-con-boxed lakit-col-width-auto-no e-container e-root-container elementor-top-section e-con e-parent\" data-id=\"7989ef1\" data-element_type=\"container\" data-e-type=\"container\">\n\t\t\t\t\t<div class=\"e-con-inner\">\n\t\t<div class=\"elementor-element elementor-element-764287f e-flex e-con-boxed lakit-col-width-auto-no e-container e-con e-child\" data-id=\"764287f\" data-element_type=\"container\" data-e-type=\"container\">\n\t\t\t\t\t<div class=\"e-con-inner\">\n\t\t\t\t<div class=\"elementor-element elementor-element-dbff733 elementor-widget elementor-widget-text-editor\" data-id=\"dbff733\" data-element_type=\"widget\" data-e-type=\"widget\" data-widget_type=\"text-editor.default\">\n\t\t\t\t\t\t\t\t\tThe owner of the online store www.serenesleep.ee (hereinafter the Online Store) is <strong>O\u00dc Serene Sleep<\/strong> (registry code 16827782), located at Harju County, Tallinn, Kesklinn district, Narva mnt 46-2, 10150, Estonia.\n\n<h2>1. Validity of the Sales Contract, Product and Price Information<\/h2>\n<span class=\"point\">1.1<\/span> These Terms and Conditions apply when purchasing goods from the Online Store.\n\n<span class=\"point\">1.2<\/span> The prices of the products sold in the Online Store are displayed next to the products. Delivery costs are added to the price. All prices in the Online Store are in euros.\n\n<span class=\"point\">1.3<\/span> The delivery cost depends on the buyer&#8217;s location and the chosen delivery method. The delivery cost is shown to the buyer during checkout.\n\n<span class=\"point\">1.4<\/span> Information about the goods is provided directly next to the product in the Online Store.\n\n<h2>2. Placing an Order<\/h2>\n<span class=\"point\">2.1<\/span> To order goods, the desired products must be added to the shopping cart. To finalize the order, the required information fields must be completed and a suitable delivery method must be selected. The total cost will then be displayed on the screen and can be paid securely through the following payment methods:\n\n<span class=\"point\">2.1.1<\/span> Estonian bank payments: Swedbank, SEB, Luminor, LHV, Coop Pank, Citadele;\n\n<span class=\"point\">2.1.2<\/span> The seller accepts VISA and Mastercard credit cards;\n\n<span class=\"point\">2.1.3<\/span> Finnish bank payments: Aktia, \u00c5landsbanken, Danske, Handelsbanken, Nordea, Oma S\u00e4\u00e4stopankki, Pohjola, POP Pankki, S-Pankki, S\u00e4\u00e4stopankki;\n\n<span class=\"point\">2.1.4<\/span> Latvian bank payments: Swedbank, SEB, Citadele, Luminor;\n\n<span class=\"point\">2.1.5<\/span> Lithuanian bank payments: Swedbank, SEB, Citadele, Luminor.\n\n<span class=\"point\">2.2<\/span> NB! When paying via bank link, be sure to click the \u201cReturn to merchant\u201d button on the bank\u2019s page.\n\n<span class=\"point\">2.3<\/span> Payments are mediated by <a href=\"https:\/\/maksekeskus.ee\/\" target=\"_blank\" rel=\"noopener\">Maksekeskus AS<\/a>. Payment takes place in a secure environment outside the Online Store \u2013 in the secure environment of the respective bank when paying by bank link, and in the secure environment of Maksekeskus AS when paying by credit card. The seller has no access to the customer\u2019s bank or credit card details. The contract becomes effective once the payable amount has been received in the Online Store\u2019s bank account.\n\n<span class=\"point\">2.4<\/span> The owner of the Online Store is the controller of personal data and forwards personal data necessary for processing payments to the authorized processor Maksekeskus AS.\n\n<span class=\"point\">2.5<\/span> If the ordered goods cannot be delivered due to insufficient stock or for any other reason, the buyer will be notified as soon as possible and any paid amount (including delivery costs) will be refunded immediately, but no later than within 14 days from sending the notification.\n\n<h2>3. Delivery<\/h2>\n<span class=\"point\">3.1<\/span> The buyer can choose one of the following delivery options: Omniva, Venipak, Unisend, DPD.\n\n<span class=\"point\">3.2<\/span> Delivery costs are borne by the buyer, and the corresponding price information is displayed next to the delivery method.\n\n<span class=\"point\">3.3<\/span> Domestic shipments within Estonia generally reach the buyer\u2019s selected destination within 3\u20135 working days from the entry into force of the sales contract. Deliveries outside Estonia take 5\u201315 working days.\n\n<span class=\"point\">3.4<\/span> Orders placed during discount periods will reach the buyer within 15\u201320 working days.\n\n<span class=\"point\">3.5<\/span> In exceptional cases (e.g., logistics and warehouse disruptions), the seller has the right to deliver the goods within up to 45 calendar days.\n\n<h2>4. Right of Withdrawal<\/h2>\n<span class=\"point\">4.1<\/span> After receiving the order, the buyer has the right to withdraw from the online contract within 14 days.\n\n<span class=\"point\">4.2<\/span> The right of withdrawal does not apply if the buyer is a legal person.\n\n<span class=\"point\">4.3<\/span> To use the 14-day right of return, the ordered goods may not be used, product tags must not be removed, and the goods must be in their original packaging. The original packaging must be undamaged.\n\n<span class=\"point\">4.4<\/span> If the product shows signs of use or wear (including removed tags), the Online Store is not obliged to accept the returned goods or compensate the buyer.\n\n<span class=\"point\">4.5<\/span> To return goods, a withdrawal application must be sent within 14 days of receiving the goods to the email address info@serenesleep.ee and must include the following information:\n\n<span class=\"point\">4.5.1<\/span> Customer name;\n\n<span class=\"point\">4.5.2<\/span> Delivery address;\n\n<span class=\"point\">4.5.3<\/span> Order number;\n\n<span class=\"point\">4.5.4<\/span> Proof of purchase: invoice\/receipt.\n\n<span class=\"point\">4.6<\/span> The product can be returned via Omniva, Venipak, Unisend or DPD to the following address: Harju County, Tallinn, Kesklinn district, Narva mnt 46-2, 10150.\n\n<span class=\"point\">4.7<\/span> The cost of returning the goods is borne by the Online Store.\n\n<span class=\"point\">4.8<\/span> The buyer must return the goods within 14 days from receiving them or provide proof that they have handed the goods over to the carrier within this period.\n\n<span class=\"point\">4.9<\/span> Upon receiving the returned goods, the Online Store will refund the buyer without delay, but no later than within 14 days from receiving the withdrawal application, all fees received under the sales contract, except in cases specified in clauses 4.2\u20134.4.\n\n<span class=\"point\">4.10<\/span> The Online Store may refuse to issue a refund until one of the following conditions is met:\n\n<span class=\"point\">4.10.1<\/span> the returned goods have reached the Online Store;\n\n<span class=\"point\">4.10.2<\/span> the buyer has provided proof of having returned the goods.\n\n<span class=\"point\">4.11<\/span> If the buyer has explicitly chosen a delivery method that differs from the cheapest standard delivery method offered by the Online Store, the Online Store is not obliged to refund the delivery cost exceeding the standard delivery cost.\n\n<span class=\"point\">4.12<\/span> The Online Store has the right to withdraw from the sales transaction and demand the return of the goods if the product price in the Online Store has been marked significantly below market value due to an error.\n\n<h2>5. Submission of Complaints<\/h2>\n<span class=\"point\">5.1<\/span> The Online Store is liable for non-conformity or defects of the goods sold to the buyer that existed at the time of delivery and that become apparent within two years of delivery. During the first year, it is presumed that the defect existed at the time of delivery; rebutting this presumption is the responsibility of the Online Store.\n\n<span class=\"point\">5.2<\/span> In case a defect appears, the buyer has the right to contact the Online Store within two months by sending a complaint to info@serenesleep.ee containing the following information:\n\n<span class=\"point\">5.2.1<\/span> Customer name;\n\n<span class=\"point\">5.2.2<\/span> Proof of purchase: invoice\/receipt;\n\n<span class=\"point\">5.2.3<\/span> Description of the non-conformity\/defect;\n\n<span class=\"point\">5.2.4<\/span> Photos of the non-conformity\/defect.\n\n<span class=\"point\">5.3<\/span> The Online Store is not liable for defects that occur after the goods have been handed over to the buyer.\n\n<span class=\"point\">5.4<\/span> If the goods purchased from the Online Store have defects for which the Online Store is responsible, the seller will repair or replace the defective goods. If the goods cannot be repaired or replaced, the Online Store will refund all fees associated with the sales contract.\n\n<span class=\"point\">5.5<\/span> The Online Store will respond to the buyer\u2019s complaint in writing or in a form that allows written reproduction within 15 days of receiving the complaint.\n\n<h2>6. Direct Marketing and Processing of Personal Data<\/h2>\n<span class=\"point\">6.1<\/span> The Online Store uses the personal data entered by the buyer only for processing the order, delivering the goods, and fulfilling legal obligations. Personal data necessary for delivery are forwarded to the transport service provider.\n\n<span class=\"point\">6.2<\/span> The Online Store sends newsletters and offers to the buyer\u2019s email address only if the buyer has requested this by entering their email address on the website and indicating their consent to receive such notifications.\n\n<span class=\"point\">6.3<\/span> The buyer may unsubscribe from newsletters and offers at any time by notifying the Online Store via email or by following the instructions provided in the marketing emails.\n\n<h2>7. Force Majeure<\/h2>\n<span class=\"point\">7.1<\/span> The Online Store is not liable for breaches of these terms caused by unforeseen and unavoidable events (state of emergency, exceptional situations, martial law, war, natural disasters, government orders and measures, internet outages, strikes).\n\n<h2>8. Dispute Resolution<\/h2>\n<span class=\"point\">8.1<\/span> If the buyer has complaints regarding the Online Store, they may contact the Online Store by email at info@serenesleep.ee.\n\n<span class=\"point\">8.2<\/span> If the buyer and the Online Store cannot resolve the dispute through negotiations, the buyer may contact the Consumer Disputes Committee. Information about the procedure and submitting an application is available on their website <a href=\"https:\/\/ttja.ee\/tarbijavaidluste-komisjon\" target=\"_blank\" rel=\"noopener\">here<\/a>. The Committee is authorized to resolve disputes arising from contracts concluded between the buyer and the Online Store. The review of a buyer\u2019s complaint by the Committee is free of charge.\t\t\t\t\t\t\t\t<\/div>\n\t\t\t\t\t<\/div>\n\t\t\t\t<\/div>\n\t\t\t\t\t<\/div>\n\t\t\t\t<\/div>\n\t\t\t\t<\/div>\n\t\t","protected":false},"excerpt":{"rendered":"<p>Home The owner of the online store www.serenesleep.ee (hereinafter the Online Store) is O\u00dc Serene Sleep (registry code 16827782), located at Harju County, Tallinn, Kesklinn district, Narva mnt 46-2, 10150, Estonia. 1. Validity of the Sales Contract, Product and Price Information 1.1 These Terms and Conditions apply when purchasing goods from&hellip;<\/p>\n","protected":false},"author":1,"featured_media":0,"parent":0,"menu_order":0,"comment_status":"closed","ping_status":"closed","template":"","meta":{"footnotes":""},"class_list":["post-4031","page","type-page","status-publish","hentry"],"yoast_head":"<!-- This site is optimized with the Yoast SEO plugin v26.9 - https:\/\/yoast.com\/product\/yoast-seo-wordpress\/ -->\n<title>Terms of sale - Serene Sleep<\/title>\n<meta name=\"robots\" content=\"noindex, follow, max-snippet:-1, max-image-preview:large, max-video-preview:-1\" \/>\n<meta property=\"og:locale\" content=\"en_US\" \/>\n<meta property=\"og:type\" content=\"article\" \/>\n<meta property=\"og:title\" content=\"Terms of sale - Serene Sleep\" \/>\n<meta property=\"og:description\" content=\"Home The owner of the online store www.serenesleep.ee (hereinafter the Online Store) is O\u00dc Serene Sleep (registry code 16827782), located at Harju County, Tallinn, Kesklinn district, Narva mnt 46-2, 10150, Estonia. 1. Validity of the Sales Contract, Product and Price Information 1.1 These Terms and Conditions apply when purchasing goods from&hellip;\" \/>\n<meta property=\"og:url\" content=\"https:\/\/serenesleep.ee\/en\/terms-of-sale\/\" \/>\n<meta property=\"og:site_name\" content=\"Serene Sleep\" \/>\n<meta property=\"article:modified_time\" content=\"2025-11-24T23:19:52+00:00\" \/>\n<meta property=\"og:image\" content=\"https:\/\/serenesleep.ee\/wp-content\/uploads\/2025\/10\/Logo_Serene_Sleep.png\" \/>\n\t<meta property=\"og:image:width\" content=\"429\" \/>\n\t<meta property=\"og:image:height\" content=\"110\" \/>\n\t<meta property=\"og:image:type\" content=\"image\/png\" \/>\n<meta name=\"twitter:card\" content=\"summary_large_image\" \/>\n<script type=\"application\/ld+json\" class=\"yoast-schema-graph\">{\"@context\":\"https:\/\/schema.org\",\"@graph\":[{\"@type\":\"WebPage\",\"@id\":\"https:\/\/serenesleep.ee\/en\/terms-of-sale\/\",\"url\":\"https:\/\/serenesleep.ee\/en\/terms-of-sale\/\",\"name\":\"Terms of sale - Serene Sleep\",\"isPartOf\":{\"@id\":\"https:\/\/www.serenesleep.ee\/en\/#website\"},\"datePublished\":\"2025-11-03T14:25:33+00:00\",\"dateModified\":\"2025-11-24T23:19:52+00:00\",\"breadcrumb\":{\"@id\":\"https:\/\/serenesleep.ee\/en\/terms-of-sale\/#breadcrumb\"},\"inLanguage\":\"en-US\",\"potentialAction\":[{\"@type\":\"ReadAction\",\"target\":[\"https:\/\/serenesleep.ee\/en\/terms-of-sale\/\"]}]},{\"@type\":\"BreadcrumbList\",\"@id\":\"https:\/\/serenesleep.ee\/en\/terms-of-sale\/#breadcrumb\",\"itemListElement\":[{\"@type\":\"ListItem\",\"position\":1,\"name\":\"Home\",\"item\":\"https:\/\/www.serenesleep.ee\/en\/\"},{\"@type\":\"ListItem\",\"position\":2,\"name\":\"Terms of sale\"}]},{\"@type\":\"WebSite\",\"@id\":\"https:\/\/www.serenesleep.ee\/en\/#website\",\"url\":\"https:\/\/www.serenesleep.ee\/en\/\",\"name\":\"Serene Sleep\",\"description\":\"Pure Luxury and Quality\",\"publisher\":{\"@id\":\"https:\/\/www.serenesleep.ee\/en\/#organization\"},\"potentialAction\":[{\"@type\":\"SearchAction\",\"target\":{\"@type\":\"EntryPoint\",\"urlTemplate\":\"https:\/\/www.serenesleep.ee\/en\/?s={search_term_string}\"},\"query-input\":{\"@type\":\"PropertyValueSpecification\",\"valueRequired\":true,\"valueName\":\"search_term_string\"}}],\"inLanguage\":\"en-US\"},{\"@type\":\"Organization\",\"@id\":\"https:\/\/www.serenesleep.ee\/en\/#organization\",\"name\":\"Serene Sleep\",\"url\":\"https:\/\/www.serenesleep.ee\/en\/\",\"logo\":{\"@type\":\"ImageObject\",\"inLanguage\":\"en-US\",\"@id\":\"https:\/\/www.serenesleep.ee\/en\/#\/schema\/logo\/image\/\",\"url\":\"https:\/\/serenesleep.ee\/wp-content\/uploads\/2025\/10\/Logo_Serene_Sleep.png\",\"contentUrl\":\"https:\/\/serenesleep.ee\/wp-content\/uploads\/2025\/10\/Logo_Serene_Sleep.png\",\"width\":429,\"height\":110,\"caption\":\"Serene Sleep\"},\"image\":{\"@id\":\"https:\/\/www.serenesleep.ee\/en\/#\/schema\/logo\/image\/\"}}]}<\/script>\n<!-- \/ Yoast SEO plugin. -->","yoast_head_json":{"title":"Terms of sale - Serene Sleep","robots":{"index":"noindex","follow":"follow","max-snippet":"max-snippet:-1","max-image-preview":"max-image-preview:large","max-video-preview":"max-video-preview:-1"},"og_locale":"en_US","og_type":"article","og_title":"Terms of sale - Serene Sleep","og_description":"Home The owner of the online store www.serenesleep.ee (hereinafter the Online Store) is O\u00dc Serene Sleep (registry code 16827782), located at Harju County, Tallinn, Kesklinn district, Narva mnt 46-2, 10150, Estonia. 1. Validity of the Sales Contract, Product and Price Information 1.1 These Terms and Conditions apply when purchasing goods from&hellip;","og_url":"https:\/\/serenesleep.ee\/en\/terms-of-sale\/","og_site_name":"Serene Sleep","article_modified_time":"2025-11-24T23:19:52+00:00","og_image":[{"width":429,"height":110,"url":"https:\/\/serenesleep.ee\/wp-content\/uploads\/2025\/10\/Logo_Serene_Sleep.png","type":"image\/png"}],"twitter_card":"summary_large_image","schema":{"@context":"https:\/\/schema.org","@graph":[{"@type":"WebPage","@id":"https:\/\/serenesleep.ee\/en\/terms-of-sale\/","url":"https:\/\/serenesleep.ee\/en\/terms-of-sale\/","name":"Terms of sale - Serene Sleep","isPartOf":{"@id":"https:\/\/www.serenesleep.ee\/en\/#website"},"datePublished":"2025-11-03T14:25:33+00:00","dateModified":"2025-11-24T23:19:52+00:00","breadcrumb":{"@id":"https:\/\/serenesleep.ee\/en\/terms-of-sale\/#breadcrumb"},"inLanguage":"en-US","potentialAction":[{"@type":"ReadAction","target":["https:\/\/serenesleep.ee\/en\/terms-of-sale\/"]}]},{"@type":"BreadcrumbList","@id":"https:\/\/serenesleep.ee\/en\/terms-of-sale\/#breadcrumb","itemListElement":[{"@type":"ListItem","position":1,"name":"Home","item":"https:\/\/www.serenesleep.ee\/en\/"},{"@type":"ListItem","position":2,"name":"Terms of sale"}]},{"@type":"WebSite","@id":"https:\/\/www.serenesleep.ee\/en\/#website","url":"https:\/\/www.serenesleep.ee\/en\/","name":"Serene Sleep","description":"Pure Luxury and Quality","publisher":{"@id":"https:\/\/www.serenesleep.ee\/en\/#organization"},"potentialAction":[{"@type":"SearchAction","target":{"@type":"EntryPoint","urlTemplate":"https:\/\/www.serenesleep.ee\/en\/?s={search_term_string}"},"query-input":{"@type":"PropertyValueSpecification","valueRequired":true,"valueName":"search_term_string"}}],"inLanguage":"en-US"},{"@type":"Organization","@id":"https:\/\/www.serenesleep.ee\/en\/#organization","name":"Serene Sleep","url":"https:\/\/www.serenesleep.ee\/en\/","logo":{"@type":"ImageObject","inLanguage":"en-US","@id":"https:\/\/www.serenesleep.ee\/en\/#\/schema\/logo\/image\/","url":"https:\/\/serenesleep.ee\/wp-content\/uploads\/2025\/10\/Logo_Serene_Sleep.png","contentUrl":"https:\/\/serenesleep.ee\/wp-content\/uploads\/2025\/10\/Logo_Serene_Sleep.png","width":429,"height":110,"caption":"Serene Sleep"},"image":{"@id":"https:\/\/www.serenesleep.ee\/en\/#\/schema\/logo\/image\/"}}]}},"_links":{"self":[{"href":"https:\/\/serenesleep.ee\/en\/wp-json\/wp\/v2\/pages\/4031","targetHints":{"allow":["GET"]}}],"collection":[{"href":"https:\/\/serenesleep.ee\/en\/wp-json\/wp\/v2\/pages"}],"about":[{"href":"https:\/\/serenesleep.ee\/en\/wp-json\/wp\/v2\/types\/page"}],"author":[{"embeddable":true,"href":"https:\/\/serenesleep.ee\/en\/wp-json\/wp\/v2\/users\/1"}],"replies":[{"embeddable":true,"href":"https:\/\/serenesleep.ee\/en\/wp-json\/wp\/v2\/comments?post=4031"}],"version-history":[{"count":5,"href":"https:\/\/serenesleep.ee\/en\/wp-json\/wp\/v2\/pages\/4031\/revisions"}],"predecessor-version":[{"id":4393,"href":"https:\/\/serenesleep.ee\/en\/wp-json\/wp\/v2\/pages\/4031\/revisions\/4393"}],"wp:attachment":[{"href":"https:\/\/serenesleep.ee\/en\/wp-json\/wp\/v2\/media?parent=4031"}],"curies":[{"name":"wp","href":"https:\/\/api.w.org\/{rel}","templated":true}]}}